{"id":8,"date":"2017-05-03T15:42:52","date_gmt":"2017-05-03T15:42:52","guid":{"rendered":"http:\/\/www.holistic-healing.at\/?page_id=8"},"modified":"2018-02-12T12:46:41","modified_gmt":"2018-02-12T12:46:41","slug":"a-homepage-section","status":"publish","type":"page","link":"https:\/\/www.holistic-bodywork.at\/index.php\/a-homepage-section\/","title":{"rendered":"Holistic Body Feedback"},"content":{"rendered":"<p>So bezeichnen ganzheitlich Denkende jene Methoden, die den Menschen in seiner nat\u00fcrlichen Einheit erfassen. Holistic Body Feedback baut auf die Erkenntnis, dass jeder Mensch einzigartig ist. Das menschliche Wesen kann auch als Gef\u00e4\u00df betrachtet werden, als der Teil unserer \u00e4u\u00dferen Form dessen Inhalt &#8220;ist, was wir wirklich sind&#8221;.<\/p>\n<p><img loading=\"lazy\" decoding=\"async\" src=\"\/\/www.holistic-healing.at\/wp-content\/uploads\/2017\/10\/holistic-notes_beatriz-freidl.png\" alt=\"\" width=\"1920\" height=\"1240\" class=\"alignnone size-full wp-image-38\" \/><\/p>\n<p>Denken Sie an Klang &#8211; harmonisch oder nicht harmonisch. Es gibt viele Gr\u00fcnde f\u00fcr eine Disharmonie. Diese kann mit einem &#8220;Ton&#8221; oder mit der Resonanz des gesamten Wesens zu tun haben. Meine Aufgabe ist, die disharmonische Note zu finden, damit Integration der \u00e4u\u00dferen und der inneren Form passiert.<\/p>\n","protected":false},"excerpt":{"rendered":"<p>So bezeichnen ganzheitlich Denkende jene Methoden, die den Menschen in seiner nat\u00fcrlichen Einheit erfassen. Holistic Body Feedback baut auf die Erkenntnis, dass jeder Mensch einzigartig ist. Das menschliche Wesen kann auch als Gef\u00e4\u00df betrachtet werden, als der Teil unserer \u00e4u\u00dferen Form dessen Inhalt &#8220;ist, was wir wirklich sind&#8221;. Denken Sie an Klang &#8211; harmonisch oder &hellip; <\/p>\n<p class=\"link-more\"><a href=\"https:\/\/www.holistic-bodywork.at\/index.php\/a-homepage-section\/\" class=\"more-link\">Continue reading<span class=\"screen-reader-text\"> &#8220;Holistic Body Feedback&#8221;<\/span><\/a><\/p>\n","protected":false},"author":1,"featured_media":0,"parent":0,"menu_order":0,"comment_status":"closed","ping_status":"closed","template":"","meta":{"footnotes":""},"class_list":["post-8","page","type-page","status-publish","hentry"],"_links":{"self":[{"href":"https:\/\/www.holistic-bodywork.at\/index.php\/wp-json\/wp\/v2\/pages\/8","targetHints":{"allow":["GET"]}}],"collection":[{"href":"https:\/\/www.holistic-bodywork.at\/index.php\/wp-json\/wp\/v2\/pages"}],"about":[{"href":"https:\/\/www.holistic-bodywork.at\/index.php\/wp-json\/wp\/v2\/types\/page"}],"author":[{"embeddable":true,"href":"https:\/\/www.holistic-bodywork.at\/index.php\/wp-json\/wp\/v2\/users\/1"}],"replies":[{"embeddable":true,"href":"https:\/\/www.holistic-bodywork.at\/index.php\/wp-json\/wp\/v2\/comments?post=8"}],"version-history":[{"count":5,"href":"https:\/\/www.holistic-bodywork.at\/index.php\/wp-json\/wp\/v2\/pages\/8\/revisions"}],"predecessor-version":[{"id":221,"href":"https:\/\/www.holistic-bodywork.at\/index.php\/wp-json\/wp\/v2\/pages\/8\/revisions\/221"}],"wp:attachment":[{"href":"https:\/\/www.holistic-bodywork.at\/index.php\/wp-json\/wp\/v2\/media?parent=8"}],"curies":[{"name":"wp","href":"https:\/\/api.w.org\/{rel}","templated":true}]}}