{"id":75,"date":"2017-12-07T10:01:56","date_gmt":"2017-12-07T10:01:56","guid":{"rendered":"https:\/\/www.holistic-bodywork.at\/?page_id=75"},"modified":"2018-01-25T10:18:20","modified_gmt":"2018-01-25T10:18:20","slug":"75-2","status":"publish","type":"page","link":"https:\/\/www.holistic-bodywork.at\/index.php\/75-2\/","title":{"rendered":"Neuralkinesiologie nach Dr. Louisa Williams"},"content":{"rendered":"<p>Die Basis der neuralkinesiologischen Arbeit sind die autonomen Nerven als Hauptregulatoren der K\u00f6rperfunktionen. Um auf der biochemischen Ebene zu testen, verwende ich haupts\u00e4chlich die Neuralkinesiologie, also die Arml\u00e4ngen- (Feld-) Messung nach Dr. Louisa Williams: Dabei entspricht die St\u00e4rke eines Muskels (der &#8220;Bewegungsma\u00dfstab&#8221;) der sympathischen Hautinnervation (seiner Versorgung mit Nerven) und die der mit innervierten darunterliegenden Gewebe und Organe.<br \/>\nDer Test fu\u00dft auf der Anwendung des k\u00f6rpereigenen Biofeedbacksystems, das Bild zeigt den ber\u00fchmten Arml\u00e4ngenreflextest.<\/p>\n<p>Dabei wird ausgen\u00fctzt, dass der K\u00f6rper auf das Auflegen von Materialen und auch auf viele andere Reize mit einer &#8220;Umschaltung&#8221; (\u00c4nderung der Muskelkraft von &#8220;stark&#8221; auf &#8220;schwach&#8221;, oder umgekehrt von &#8220;schwach&#8221; auf &#8220;stark&#8221;) reagiert. Dies l\u00e4sst erkennen, das der Vorgang etwas in Ihrem &#8220;System&#8221; ber\u00fchrt &#8211; und das Ihr &#8220;System&#8221; f\u00e4hig ist dies als &#8220;Unterschied&#8221; zu erkennen und darzustellen.<\/p>\n<p>Damit kann z.B. die Vertr\u00e4glichkeit eines Materials f\u00fcr Sie pers\u00f6nlich festgestellt werden, mit eigentlich geringem Aufwand und verbl\u00fcffenden Ergebnissen. Allerdings ist Ruhe &#8211; auch innerliche! &#8211; sehr wichtig, Sie m\u00fcssen sich einfach auf sich selbst besinnen, und Ihrem K\u00f6rper die Aufmerksamkeit geben (die er doch verdient!). Dieser Test kann aber noch mehr: In Verbindung mit bestimmten Fingerstellungen, sogenannten &#8220;Handmodis&#8221;, die via Symbolebene das Unterbewu\u00dftsein ansprechen, kann der Kinesiologie oft Ursachen im K\u00f6rper-Seele-Geist-System aufdecken. Hier ist dann die Br\u00fccke zur zur gesamtheitlichen Betrachtung gegeben, eben Holistic-bodywork.<\/p>\n<p><img loading=\"lazy\" decoding=\"async\" class=\"size-full wp-image-84 alignright\" style=\"font-size: 1rem;\" src=\"https:\/\/www.holistic-bodywork.at\/wp-content\/uploads\/2017\/12\/neuralkinesiologie_handmosi.jpg\" alt=\"\" width=\"1280\" height=\"914\" \/><\/p>\n<p>Dieser s<span style=\"font-size: 1rem;\">pezielle Test beruht auf exakter wissenschaftlicher Grundlage, ist aber in der Aus\u00fcbung eine Kunst, die sorgf\u00e4ltig erlernt werden mu\u00df. Die Neuralkinesiologie erm\u00f6glicht es uns, den K\u00f6rper als &#8220;Bio-Feedback-Messger\u00e4t&#8221; zu eichen und zu verwenden.<\/span><\/p>\n<p>Weiter zu <a href=\"https:\/\/www.holistic-bodywork.at\/index.php\/die-osteopraktik\/\">Osteopraktik<\/a> und <a href=\"https:\/\/www.holistic-bodywork.at\/index.php\/sample-page\/\">Physioenergetik<\/a><\/p>\n","protected":false},"excerpt":{"rendered":"<p>Die Basis der neuralkinesiologischen Arbeit sind die autonomen Nerven als Hauptregulatoren der K\u00f6rperfunktionen. Um auf der biochemischen Ebene zu testen, verwende ich haupts\u00e4chlich die Neuralkinesiologie, also die Arml\u00e4ngen- (Feld-) Messung nach Dr. Louisa Williams: Dabei entspricht die St\u00e4rke eines Muskels (der &#8220;Bewegungsma\u00dfstab&#8221;) der sympathischen Hautinnervation (seiner Versorgung mit Nerven) und die der mit innervierten darunterliegenden &hellip; <\/p>\n<p class=\"link-more\"><a href=\"https:\/\/www.holistic-bodywork.at\/index.php\/75-2\/\" class=\"more-link\">Continue reading<span class=\"screen-reader-text\"> &#8220;Neuralkinesiologie nach Dr. Louisa Williams&#8221;<\/span><\/a><\/p>\n","protected":false},"author":1,"featured_media":0,"parent":0,"menu_order":0,"comment_status":"closed","ping_status":"closed","template":"","meta":{"footnotes":""},"class_list":["post-75","page","type-page","status-publish","hentry"],"_links":{"self":[{"href":"https:\/\/www.holistic-bodywork.at\/index.php\/wp-json\/wp\/v2\/pages\/75","targetHints":{"allow":["GET"]}}],"collection":[{"href":"https:\/\/www.holistic-bodywork.at\/index.php\/wp-json\/wp\/v2\/pages"}],"about":[{"href":"https:\/\/www.holistic-bodywork.at\/index.php\/wp-json\/wp\/v2\/types\/page"}],"author":[{"embeddable":true,"href":"https:\/\/www.holistic-bodywork.at\/index.php\/wp-json\/wp\/v2\/users\/1"}],"replies":[{"embeddable":true,"href":"https:\/\/www.holistic-bodywork.at\/index.php\/wp-json\/wp\/v2\/comments?post=75"}],"version-history":[{"count":6,"href":"https:\/\/www.holistic-bodywork.at\/index.php\/wp-json\/wp\/v2\/pages\/75\/revisions"}],"predecessor-version":[{"id":218,"href":"https:\/\/www.holistic-bodywork.at\/index.php\/wp-json\/wp\/v2\/pages\/75\/revisions\/218"}],"wp:attachment":[{"href":"https:\/\/www.holistic-bodywork.at\/index.php\/wp-json\/wp\/v2\/media?parent=75"}],"curies":[{"name":"wp","href":"https:\/\/api.w.org\/{rel}","templated":true}]}}