{"id":5,"date":"2017-05-03T15:42:52","date_gmt":"2017-05-03T15:42:52","guid":{"rendered":"http:\/\/www.holistic-healing.at\/?page_id=5"},"modified":"2017-12-16T09:33:02","modified_gmt":"2017-12-16T09:33:02","slug":"about","status":"publish","type":"page","link":"https:\/\/www.holistic-bodywork.at\/index.php\/about\/","title":{"rendered":"\u00dcber mich"},"content":{"rendered":"<p>Beatriz Friedl<\/p>\n<p>1951 geboren in Caracas, Venezuela<br \/>\n1961 \u00dcbersiedlung nach Wien<br \/>\n1988 Er\u00f6ffnung des Institutes f\u00fcr Ganzheitskosmetik und Gesundheitsvorsorge im 8. Bezirk<br \/>\n1996 Er\u00f6ffung der Praxis f\u00fcr integrative manuelle Be-Handlung<\/p>\n<p>W\u00e4hrend meiner selbst\u00e4ndigen T\u00e4tigkeit Absolvierung von Ausbildungen bei (fast) allen auf diesen Seiten genannten Fachleuten &#8211; zum Kinesiologen, zur Osteopraktikerin, zur Craniotherapeutin und zur Energiearbeit in vielen Abstufungen.<br \/>\nIn den \u00fcber 30 Jahren meiner Praxis-Arbeit habe ich viel gelernt UND viel Freude gehabt.<\/p>\n","protected":false},"excerpt":{"rendered":"<p>Beatriz Friedl 1951 geboren in Caracas, Venezuela 1961 \u00dcbersiedlung nach Wien 1988 Er\u00f6ffnung des Institutes f\u00fcr Ganzheitskosmetik und Gesundheitsvorsorge im 8. Bezirk 1996 Er\u00f6ffung der Praxis f\u00fcr integrative manuelle Be-Handlung W\u00e4hrend meiner selbst\u00e4ndigen T\u00e4tigkeit Absolvierung von Ausbildungen bei (fast) allen auf diesen Seiten genannten Fachleuten &#8211; zum Kinesiologen, zur Osteopraktikerin, zur Craniotherapeutin und zur Energiearbeit &hellip; <\/p>\n<p class=\"link-more\"><a href=\"https:\/\/www.holistic-bodywork.at\/index.php\/about\/\" class=\"more-link\">Continue reading<span class=\"screen-reader-text\"> &#8220;\u00dcber mich&#8221;<\/span><\/a><\/p>\n","protected":false},"author":1,"featured_media":0,"parent":0,"menu_order":0,"comment_status":"closed","ping_status":"closed","template":"","meta":{"footnotes":""},"class_list":["post-5","page","type-page","status-publish","hentry"],"_links":{"self":[{"href":"https:\/\/www.holistic-bodywork.at\/index.php\/wp-json\/wp\/v2\/pages\/5","targetHints":{"allow":["GET"]}}],"collection":[{"href":"https:\/\/www.holistic-bodywork.at\/index.php\/wp-json\/wp\/v2\/pages"}],"about":[{"href":"https:\/\/www.holistic-bodywork.at\/index.php\/wp-json\/wp\/v2\/types\/page"}],"author":[{"embeddable":true,"href":"https:\/\/www.holistic-bodywork.at\/index.php\/wp-json\/wp\/v2\/users\/1"}],"replies":[{"embeddable":true,"href":"https:\/\/www.holistic-bodywork.at\/index.php\/wp-json\/wp\/v2\/comments?post=5"}],"version-history":[{"count":8,"href":"https:\/\/www.holistic-bodywork.at\/index.php\/wp-json\/wp\/v2\/pages\/5\/revisions"}],"predecessor-version":[{"id":191,"href":"https:\/\/www.holistic-bodywork.at\/index.php\/wp-json\/wp\/v2\/pages\/5\/revisions\/191"}],"wp:attachment":[{"href":"https:\/\/www.holistic-bodywork.at\/index.php\/wp-json\/wp\/v2\/media?parent=5"}],"curies":[{"name":"wp","href":"https:\/\/api.w.org\/{rel}","templated":true}]}}