{"id":186,"date":"2017-12-16T09:26:32","date_gmt":"2017-12-16T09:26:32","guid":{"rendered":"https:\/\/www.holistic-bodywork.at\/?page_id=186"},"modified":"2017-12-16T09:32:25","modified_gmt":"2017-12-16T09:32:25","slug":"186-2","status":"publish","type":"page","link":"https:\/\/www.holistic-bodywork.at\/index.php\/186-2\/","title":{"rendered":"Anfahrtsplan"},"content":{"rendered":"<p><strong>Praxis f\u00fcr integrative manuelle Be-Handlung<\/strong><br \/>\n<strong>1070 Wien, Sigmundsgasse 12\/11 (Lift)<\/strong><\/p>\n<p><img loading=\"lazy\" decoding=\"async\" src=\"https:\/\/www.holistic-bodywork.at\/wp-content\/uploads\/2017\/12\/lage-sigmundsgasse.gif\" alt=\"\" width=\"675\" height=\"558\" class=\"alignnone size-full wp-image-185\" \/><\/p>\n<p>Bei der Gegensprechanlage bitte &#8220;Praxis&#8221; dr\u00fccken: Wenn wir anwesend sind, reagiert der T\u00fcr\u00f6ffner &#8211; Haustor \u00f6ffnen und in das DG fahren. Links vom Lift die Praxis!<\/p>\n","protected":false},"excerpt":{"rendered":"<p>Praxis f\u00fcr integrative manuelle Be-Handlung 1070 Wien, Sigmundsgasse 12\/11 (Lift) Bei der Gegensprechanlage bitte &#8220;Praxis&#8221; dr\u00fccken: Wenn wir anwesend sind, reagiert der T\u00fcr\u00f6ffner &#8211; Haustor \u00f6ffnen und in das DG fahren. Links vom Lift die Praxis!<\/p>\n","protected":false},"author":1,"featured_media":0,"parent":0,"menu_order":0,"comment_status":"closed","ping_status":"closed","template":"","meta":{"footnotes":""},"class_list":["post-186","page","type-page","status-publish","hentry"],"_links":{"self":[{"href":"https:\/\/www.holistic-bodywork.at\/index.php\/wp-json\/wp\/v2\/pages\/186","targetHints":{"allow":["GET"]}}],"collection":[{"href":"https:\/\/www.holistic-bodywork.at\/index.php\/wp-json\/wp\/v2\/pages"}],"about":[{"href":"https:\/\/www.holistic-bodywork.at\/index.php\/wp-json\/wp\/v2\/types\/page"}],"author":[{"embeddable":true,"href":"https:\/\/www.holistic-bodywork.at\/index.php\/wp-json\/wp\/v2\/users\/1"}],"replies":[{"embeddable":true,"href":"https:\/\/www.holistic-bodywork.at\/index.php\/wp-json\/wp\/v2\/comments?post=186"}],"version-history":[{"count":3,"href":"https:\/\/www.holistic-bodywork.at\/index.php\/wp-json\/wp\/v2\/pages\/186\/revisions"}],"predecessor-version":[{"id":190,"href":"https:\/\/www.holistic-bodywork.at\/index.php\/wp-json\/wp\/v2\/pages\/186\/revisions\/190"}],"wp:attachment":[{"href":"https:\/\/www.holistic-bodywork.at\/index.php\/wp-json\/wp\/v2\/media?parent=186"}],"curies":[{"name":"wp","href":"https:\/\/api.w.org\/{rel}","templated":true}]}}