{"id":159,"date":"2017-12-14T19:31:40","date_gmt":"2017-12-14T19:31:40","guid":{"rendered":"https:\/\/www.holistic-bodywork.at\/?page_id=159"},"modified":"2017-12-14T19:32:42","modified_gmt":"2017-12-14T19:32:42","slug":"die-emotionen","status":"publish","type":"page","link":"https:\/\/www.holistic-bodywork.at\/index.php\/die-emotionen\/","title":{"rendered":"Die Emotionen"},"content":{"rendered":"<p>Unterst\u00fctzung und Begleitung bei der Verarbeitung von Gef\u00fchlen und Traumate im Rahmen der Somato-emotional-Release-Technik nach John Upledger<br \/>\nOpen Human Potential &#8211; das menschliche Potential \u00f6ffnen<br \/>\nErarbeiten eines Konzeptes zur Verhaltens-und Lebensstil\u00e4nderung: Self-Wellness<br \/>\n<img loading=\"lazy\" decoding=\"async\" src=\"https:\/\/www.holistic-bodywork.at\/wp-content\/uploads\/2017\/07\/IMG-20170504-WA0007.jpg\" alt=\"\" width=\"1200\" height=\"1600\" class=\"alignnone size-full wp-image-33\" \/><\/p>\n<p><strong>Bitte beachten Sie :<br \/>\nMeine Arbeit stellt keinen Ersatz f\u00fcr die \u00e4rztliche Diagnose und Behandlung einer Krankheit dar. Meine Betreuung kann daher nur ZUS\u00c4TZLICH, niemals ausschlie\u00dflich!, zu einer \u00e4rztlichen Betreuung in Anspruch genommen werden!<\/strong><\/p>\n","protected":false},"excerpt":{"rendered":"<p>Unterst\u00fctzung und Begleitung bei der Verarbeitung von Gef\u00fchlen und Traumate im Rahmen der Somato-emotional-Release-Technik nach John Upledger Open Human Potential &#8211; das menschliche Potential \u00f6ffnen Erarbeiten eines Konzeptes zur Verhaltens-und Lebensstil\u00e4nderung: Self-Wellness Bitte beachten Sie : Meine Arbeit stellt keinen Ersatz f\u00fcr die \u00e4rztliche Diagnose und Behandlung einer Krankheit dar. Meine Betreuung kann daher nur &hellip; <\/p>\n<p class=\"link-more\"><a href=\"https:\/\/www.holistic-bodywork.at\/index.php\/die-emotionen\/\" class=\"more-link\">Continue reading<span class=\"screen-reader-text\"> &#8220;Die Emotionen&#8221;<\/span><\/a><\/p>\n","protected":false},"author":1,"featured_media":0,"parent":0,"menu_order":0,"comment_status":"closed","ping_status":"closed","template":"","meta":{"footnotes":""},"class_list":["post-159","page","type-page","status-publish","hentry"],"_links":{"self":[{"href":"https:\/\/www.holistic-bodywork.at\/index.php\/wp-json\/wp\/v2\/pages\/159","targetHints":{"allow":["GET"]}}],"collection":[{"href":"https:\/\/www.holistic-bodywork.at\/index.php\/wp-json\/wp\/v2\/pages"}],"about":[{"href":"https:\/\/www.holistic-bodywork.at\/index.php\/wp-json\/wp\/v2\/types\/page"}],"author":[{"embeddable":true,"href":"https:\/\/www.holistic-bodywork.at\/index.php\/wp-json\/wp\/v2\/users\/1"}],"replies":[{"embeddable":true,"href":"https:\/\/www.holistic-bodywork.at\/index.php\/wp-json\/wp\/v2\/comments?post=159"}],"version-history":[{"count":2,"href":"https:\/\/www.holistic-bodywork.at\/index.php\/wp-json\/wp\/v2\/pages\/159\/revisions"}],"predecessor-version":[{"id":161,"href":"https:\/\/www.holistic-bodywork.at\/index.php\/wp-json\/wp\/v2\/pages\/159\/revisions\/161"}],"wp:attachment":[{"href":"https:\/\/www.holistic-bodywork.at\/index.php\/wp-json\/wp\/v2\/media?parent=159"}],"curies":[{"name":"wp","href":"https:\/\/api.w.org\/{rel}","templated":true}]}}