{"id":151,"date":"2017-12-14T19:14:45","date_gmt":"2017-12-14T19:14:45","guid":{"rendered":"https:\/\/www.holistic-bodywork.at\/?page_id=151"},"modified":"2017-12-14T19:17:35","modified_gmt":"2017-12-14T19:17:35","slug":"klinische-kinesiologie","status":"publish","type":"page","link":"https:\/\/www.holistic-bodywork.at\/index.php\/klinische-kinesiologie\/","title":{"rendered":"Klinische Kinesiologie"},"content":{"rendered":"<p>Der Entwurf zur Klinischen Kinesiologie, auch unter den Namen Human Biodynamics bekannt, stammt von Alan Beardall aus den USA. Dieser engagierte Wissenschafter besch\u00e4ftigt sich in erster Linie mit dem Stoffwechsel des K\u00f6rpers.<\/p>\n<p>Er entwickelte verfeinerte Wege um den menschlichen &#8220;Biocomputer&#8221; sowohl diagnostisch zu begreifen als auch therapeutisch zu helfen. Er stellte die (inzwischen unumstrittene) Hypothese auf, dass Informationen des K\u00f6rpers auf verschiedenen Ebenen gespeichert werden, \u00e4hnlich wie in Ordnern. Diese Informationen sind positive und (leider zumeist) negative Erlebnisse. Der K\u00f6rper dr\u00fcckt durch &#8220;Schmerz&#8221; das Bed\u00fcrfnis nach Ver\u00e4nderung aus. Wenn die Forderung erf\u00fcllt wird, kommen Selbstheilungskr\u00e4fte in Gange. Wenn der Hilferuf \u00fcberh\u00f6rt wird, passt sich der K\u00f6rper mit der Zeit an, allerdings auf Kosten der Leistung und Widerstandsf\u00e4higkeit gegen\u00fcber weiteren Stre\u00dffaktoren &#8211; diese k\u00f6nnen dann das Fass zum \u00dcberlaufen bringen &#8211; die akute Krankheit!<br \/>\nDie Klinische Kinesiologie ist ein wirkungsvolles Instrument zum Erkennen und Aufhalten und Umkehren dieser Entwicklung.<br \/>\n<img loading=\"lazy\" decoding=\"async\" src=\"https:\/\/www.holistic-bodywork.at\/wp-content\/uploads\/2017\/12\/kin-test.jpg\" alt=\"\" width=\"300\" height=\"265\" class=\"alignnone size-full wp-image-154\" \/><\/p>\n<p>Bei der Befragung des K\u00f6rpers \u00fcber Mudras (Handzeichen, Fingermodi) als kinesiologischer Hilfe antwortet dieser dem Therapeuten und erm\u00f6glicht diesem so die jeweils angemessene Behandlung auszuw\u00e4hlen.<\/p>\n<p>Bildlich gesprochen durch ordnen der Informationen in ein Dateisystem. Dabei wird an der Oberfl\u00e4che &#8211; also mit Geringf\u00fcgigkeiten begonnen.<br \/>\nMan stelle sich eine Zwiebel vor: zuerst konzentriert man sich auf die oberfl\u00e4chlichen Probleme, bis man zu den tieferliegenden Informationen \u00fcbergehen kann.<\/p>\n","protected":false},"excerpt":{"rendered":"<p>Der Entwurf zur Klinischen Kinesiologie, auch unter den Namen Human Biodynamics bekannt, stammt von Alan Beardall aus den USA. Dieser engagierte Wissenschafter besch\u00e4ftigt sich in erster Linie mit dem Stoffwechsel des K\u00f6rpers. Er entwickelte verfeinerte Wege um den menschlichen &#8220;Biocomputer&#8221; sowohl diagnostisch zu begreifen als auch therapeutisch zu helfen. Er stellte die (inzwischen unumstrittene) Hypothese &hellip; <\/p>\n<p class=\"link-more\"><a href=\"https:\/\/www.holistic-bodywork.at\/index.php\/klinische-kinesiologie\/\" class=\"more-link\">Continue reading<span class=\"screen-reader-text\"> &#8220;Klinische Kinesiologie&#8221;<\/span><\/a><\/p>\n","protected":false},"author":1,"featured_media":0,"parent":0,"menu_order":0,"comment_status":"closed","ping_status":"closed","template":"","meta":{"footnotes":""},"class_list":["post-151","page","type-page","status-publish","hentry"],"_links":{"self":[{"href":"https:\/\/www.holistic-bodywork.at\/index.php\/wp-json\/wp\/v2\/pages\/151","targetHints":{"allow":["GET"]}}],"collection":[{"href":"https:\/\/www.holistic-bodywork.at\/index.php\/wp-json\/wp\/v2\/pages"}],"about":[{"href":"https:\/\/www.holistic-bodywork.at\/index.php\/wp-json\/wp\/v2\/types\/page"}],"author":[{"embeddable":true,"href":"https:\/\/www.holistic-bodywork.at\/index.php\/wp-json\/wp\/v2\/users\/1"}],"replies":[{"embeddable":true,"href":"https:\/\/www.holistic-bodywork.at\/index.php\/wp-json\/wp\/v2\/comments?post=151"}],"version-history":[{"count":2,"href":"https:\/\/www.holistic-bodywork.at\/index.php\/wp-json\/wp\/v2\/pages\/151\/revisions"}],"predecessor-version":[{"id":155,"href":"https:\/\/www.holistic-bodywork.at\/index.php\/wp-json\/wp\/v2\/pages\/151\/revisions\/155"}],"wp:attachment":[{"href":"https:\/\/www.holistic-bodywork.at\/index.php\/wp-json\/wp\/v2\/media?parent=151"}],"curies":[{"name":"wp","href":"https:\/\/api.w.org\/{rel}","templated":true}]}}