{"id":149,"date":"2017-12-14T19:12:19","date_gmt":"2017-12-14T19:12:19","guid":{"rendered":"https:\/\/www.holistic-bodywork.at\/?page_id=149"},"modified":"2017-12-14T19:12:19","modified_gmt":"2017-12-14T19:12:19","slug":"der-stoffwechsel","status":"publish","type":"page","link":"https:\/\/www.holistic-bodywork.at\/index.php\/der-stoffwechsel\/","title":{"rendered":"Der Stoffwechsel"},"content":{"rendered":"<p><strong>Die Ern\u00e4hrung<\/strong><br \/>\nLebensnotwendig und heute eine h\u00e4ufige Ursache chronischer Erkrankungen: Viele der heute auftretenden k\u00f6rperlichen Probleme sind wohlstandsbedingt! Wir sind nach jahrmillionenlangem Training gut an Notzeiten angepasst, k\u00f6nnen aber mit der F\u00fclle der Wohlstandsgesellschaft nicht gut umgehen. Wir essen zu viel, durcheinander und \u00fcberlasten so unsere Verdauungs- und Ausscheidungsorgane. Wir sind \u00fcberversorgt, aber mit der Entsorgung gibt es oft Probleme.<br \/>\nDer Rat: &#8220;Einschr\u00e4nken beim Essen&#8221; ist nicht nur leicht gesagt und oft m\u00fchsam &#8211; ein wachsendes Heer von &#8220;Di\u00e4topfern&#8221; sollte zu denken geben.<\/p>\n<p>Echte Heilung ist dar\u00fcber hinaus erst nach gr\u00fcndlicher innerer Reinigung m\u00f6glich.<br \/>\n<img loading=\"lazy\" decoding=\"async\" src=\"https:\/\/www.holistic-bodywork.at\/wp-content\/uploads\/2017\/07\/IMG-20170503-WA0006.jpg\" alt=\"\" width=\"1600\" height=\"1600\" class=\"alignnone size-full wp-image-31\" \/><\/p>\n<p><strong>Fragen<\/strong><br \/>\n<em>Aus dem zur Beantwortung anstehenden Fragenkatalog:<\/em><br \/>\nWieso ist innere K\u00f6rperreinigung \u00fcberhaupt n\u00f6tig?<br \/>\nWas sind Schlacken, was ist Schleim?<br \/>\nWelche Nahrung verschleimt am meisten?<br \/>\nWo sitzen im K\u00f6rper Schlacken, Schleim und Gifte?<br \/>\nS\u00e4ure-Basen-Haushalt: Wie bestimme ich, ob ich \u00fcbers\u00e4uert bin?<br \/>\nWelche Lebensmittel werden vom Organismus basisch, welche sauer verwertet?<br \/>\nWas richten S\u00e4uredepots im K\u00f6rper an?<br \/>\nWie gef\u00e4hrlich ist Amalgam wirklich?<br \/>\nCandida?<\/p>\n","protected":false},"excerpt":{"rendered":"<p>Die Ern\u00e4hrung Lebensnotwendig und heute eine h\u00e4ufige Ursache chronischer Erkrankungen: Viele der heute auftretenden k\u00f6rperlichen Probleme sind wohlstandsbedingt! Wir sind nach jahrmillionenlangem Training gut an Notzeiten angepasst, k\u00f6nnen aber mit der F\u00fclle der Wohlstandsgesellschaft nicht gut umgehen. Wir essen zu viel, durcheinander und \u00fcberlasten so unsere Verdauungs- und Ausscheidungsorgane. Wir sind \u00fcberversorgt, aber mit der &hellip; <\/p>\n<p class=\"link-more\"><a href=\"https:\/\/www.holistic-bodywork.at\/index.php\/der-stoffwechsel\/\" class=\"more-link\">Continue reading<span class=\"screen-reader-text\"> &#8220;Der Stoffwechsel&#8221;<\/span><\/a><\/p>\n","protected":false},"author":1,"featured_media":0,"parent":0,"menu_order":0,"comment_status":"closed","ping_status":"closed","template":"","meta":{"footnotes":""},"class_list":["post-149","page","type-page","status-publish","hentry"],"_links":{"self":[{"href":"https:\/\/www.holistic-bodywork.at\/index.php\/wp-json\/wp\/v2\/pages\/149","targetHints":{"allow":["GET"]}}],"collection":[{"href":"https:\/\/www.holistic-bodywork.at\/index.php\/wp-json\/wp\/v2\/pages"}],"about":[{"href":"https:\/\/www.holistic-bodywork.at\/index.php\/wp-json\/wp\/v2\/types\/page"}],"author":[{"embeddable":true,"href":"https:\/\/www.holistic-bodywork.at\/index.php\/wp-json\/wp\/v2\/users\/1"}],"replies":[{"embeddable":true,"href":"https:\/\/www.holistic-bodywork.at\/index.php\/wp-json\/wp\/v2\/comments?post=149"}],"version-history":[{"count":1,"href":"https:\/\/www.holistic-bodywork.at\/index.php\/wp-json\/wp\/v2\/pages\/149\/revisions"}],"predecessor-version":[{"id":150,"href":"https:\/\/www.holistic-bodywork.at\/index.php\/wp-json\/wp\/v2\/pages\/149\/revisions\/150"}],"wp:attachment":[{"href":"https:\/\/www.holistic-bodywork.at\/index.php\/wp-json\/wp\/v2\/media?parent=149"}],"curies":[{"name":"wp","href":"https:\/\/api.w.org\/{rel}","templated":true}]}}