{"id":146,"date":"2017-12-14T19:00:40","date_gmt":"2017-12-14T19:00:40","guid":{"rendered":"https:\/\/www.holistic-bodywork.at\/?page_id=146"},"modified":"2017-12-14T19:00:40","modified_gmt":"2017-12-14T19:00:40","slug":"akupunkt-massage","status":"publish","type":"page","link":"https:\/\/www.holistic-bodywork.at\/index.php\/akupunkt-massage\/","title":{"rendered":"Akupunkt-Massage"},"content":{"rendered":"<p>Eine der \u00e4ltesten europ\u00e4ischen Meridiantherapien mit Wurzeln in der Traditionellen Chinesischen Medizin (TCM) und der klassischen Akupunkturlehre.<br \/>\nSie wurde in den 50er \/ 60er Jahren in Deutschland von dem Masseur Willy Penzel entwickelt. Die AKUPUNKT-MASSAGE nach Penzel arbeitet grunds\u00e4tzlich entsprechend der bekannten chinesischen Energielehre, sie ist eine abgewandelte Form der Akupunktur, die in der traditionellen chinesischen Medizin schon Tausende von Jahren praktiziert wird.<br \/>\n<img loading=\"lazy\" decoding=\"async\" src=\"https:\/\/www.holistic-bodywork.at\/wp-content\/uploads\/2017\/12\/akupunktur.jpg\" alt=\"\" width=\"1280\" height=\"851\" class=\"alignnone size-full wp-image-77\" \/><\/p>\n<p>Der Therapeut stellt jene Meridiane fest, die einen Energiemangel aufweisen und massiert vor allem entlang dieser Meridiane. \u00dcblicherweise wird der wesentliche Akupunkturpunkt ebenfalls stimuliert.<br \/>\nAuch Narbenpflege und energetische Wirbels\u00e4ulenbehandlung sind ein Teilbereich der AKUPUNKT-MASSAGE nach Penzel.<\/p>\n<p><strong>Achtung<br \/>\nWie bei den meisten alternativen Behandlungen ist auch diese in \u00d6sterreich (noch?) nicht von den \u00fcblichen Kassen anerkannt. Die meisten Zusatzkrankenkassen verg\u00fcten aber Teilbetr\u00e4ge, je nach Ihrer Versicherungsstufe.<\/strong><\/p>\n","protected":false},"excerpt":{"rendered":"<p>Eine der \u00e4ltesten europ\u00e4ischen Meridiantherapien mit Wurzeln in der Traditionellen Chinesischen Medizin (TCM) und der klassischen Akupunkturlehre. Sie wurde in den 50er \/ 60er Jahren in Deutschland von dem Masseur Willy Penzel entwickelt. Die AKUPUNKT-MASSAGE nach Penzel arbeitet grunds\u00e4tzlich entsprechend der bekannten chinesischen Energielehre, sie ist eine abgewandelte Form der Akupunktur, die in der traditionellen &hellip; <\/p>\n<p class=\"link-more\"><a href=\"https:\/\/www.holistic-bodywork.at\/index.php\/akupunkt-massage\/\" class=\"more-link\">Continue reading<span class=\"screen-reader-text\"> &#8220;Akupunkt-Massage&#8221;<\/span><\/a><\/p>\n","protected":false},"author":1,"featured_media":0,"parent":0,"menu_order":0,"comment_status":"closed","ping_status":"closed","template":"","meta":{"footnotes":""},"class_list":["post-146","page","type-page","status-publish","hentry"],"_links":{"self":[{"href":"https:\/\/www.holistic-bodywork.at\/index.php\/wp-json\/wp\/v2\/pages\/146","targetHints":{"allow":["GET"]}}],"collection":[{"href":"https:\/\/www.holistic-bodywork.at\/index.php\/wp-json\/wp\/v2\/pages"}],"about":[{"href":"https:\/\/www.holistic-bodywork.at\/index.php\/wp-json\/wp\/v2\/types\/page"}],"author":[{"embeddable":true,"href":"https:\/\/www.holistic-bodywork.at\/index.php\/wp-json\/wp\/v2\/users\/1"}],"replies":[{"embeddable":true,"href":"https:\/\/www.holistic-bodywork.at\/index.php\/wp-json\/wp\/v2\/comments?post=146"}],"version-history":[{"count":1,"href":"https:\/\/www.holistic-bodywork.at\/index.php\/wp-json\/wp\/v2\/pages\/146\/revisions"}],"predecessor-version":[{"id":147,"href":"https:\/\/www.holistic-bodywork.at\/index.php\/wp-json\/wp\/v2\/pages\/146\/revisions\/147"}],"wp:attachment":[{"href":"https:\/\/www.holistic-bodywork.at\/index.php\/wp-json\/wp\/v2\/media?parent=146"}],"curies":[{"name":"wp","href":"https:\/\/api.w.org\/{rel}","templated":true}]}}