{"id":132,"date":"2017-12-14T18:45:47","date_gmt":"2017-12-14T18:45:47","guid":{"rendered":"https:\/\/www.holistic-bodywork.at\/?page_id=132"},"modified":"2017-12-14T19:34:31","modified_gmt":"2017-12-14T19:34:31","slug":"die-4-saulen-der-behandlung","status":"publish","type":"page","link":"https:\/\/www.holistic-bodywork.at\/index.php\/die-4-saulen-der-behandlung\/","title":{"rendered":"Die 4 S\u00e4ulen der Behandlung"},"content":{"rendered":"<p><img loading=\"lazy\" decoding=\"async\" src=\"https:\/\/www.holistic-bodywork.at\/wp-content\/uploads\/2017\/07\/IMG-20170508-WA0002.jpg\" alt=\"\" width=\"1200\" height=\"1600\" class=\"alignnone size-full wp-image-35\" \/><\/p>\n<p><strong>Der Bewegungsapparat: <\/strong><br \/>\n<a href=\"https:\/\/www.holistic-bodywork.at\/index.php\/triggerzonen-manipulation\/\">Triggerzonen Manipulation<\/a><br \/>\n<a href=\"https:\/\/www.holistic-bodywork.at\/index.php\/die-viscerale-therapie\/\">Viscerale Entgiftungstechniken f\u00fcr die Organe<\/a><br \/>\n<a href=\"https:\/\/www.holistic-bodywork.at\/index.php\/craniosacrale-techniken\/\">Craniosacrale Techniken<\/a><br \/>\n<a href=\"https:\/\/www.holistic-bodywork.at\/index.php\/osteopatische-repositionstechniken\/\">Osteopatische Repositionstechniken von Gelenken und B\u00e4ndern<\/a><br \/>\n<a href=\"https:\/\/www.holistic-bodywork.at\/index.php\/akupunkt-massage\/\">Akupunkt-Massage nach Penzel<\/a><\/p>\n<p><strong>Der Stoffwechsel:<\/strong><br \/>\n<a href=\"https:\/\/www.holistic-bodywork.at\/index.php\/der-stoffwechsel\/\">Die Ern\u00e4hrung<\/a><br \/>\n<a href=\"https:\/\/www.holistic-bodywork.at\/index.php\/klinische-kinesiologie\/\">Klinische Kinesiologie<\/a><\/p>\n<p><strong><a href=\"https:\/\/www.holistic-bodywork.at\/index.php\/die-emotionen\/\">Emotionen<\/a><\/strong><br \/>\n<strong><br \/>\n<a href=\"https:\/\/www.holistic-bodywork.at\/index.php\/die-energie\/\">Energie<\/a><\/strong><\/p>\n","protected":false},"excerpt":{"rendered":"<p>Der Bewegungsapparat: Triggerzonen Manipulation Viscerale Entgiftungstechniken f\u00fcr die Organe Craniosacrale Techniken Osteopatische Repositionstechniken von Gelenken und B\u00e4ndern Akupunkt-Massage nach Penzel Der Stoffwechsel: Die Ern\u00e4hrung Klinische Kinesiologie Emotionen Energie<\/p>\n","protected":false},"author":1,"featured_media":0,"parent":0,"menu_order":0,"comment_status":"closed","ping_status":"closed","template":"","meta":{"footnotes":""},"class_list":["post-132","page","type-page","status-publish","hentry"],"_links":{"self":[{"href":"https:\/\/www.holistic-bodywork.at\/index.php\/wp-json\/wp\/v2\/pages\/132","targetHints":{"allow":["GET"]}}],"collection":[{"href":"https:\/\/www.holistic-bodywork.at\/index.php\/wp-json\/wp\/v2\/pages"}],"about":[{"href":"https:\/\/www.holistic-bodywork.at\/index.php\/wp-json\/wp\/v2\/types\/page"}],"author":[{"embeddable":true,"href":"https:\/\/www.holistic-bodywork.at\/index.php\/wp-json\/wp\/v2\/users\/1"}],"replies":[{"embeddable":true,"href":"https:\/\/www.holistic-bodywork.at\/index.php\/wp-json\/wp\/v2\/comments?post=132"}],"version-history":[{"count":6,"href":"https:\/\/www.holistic-bodywork.at\/index.php\/wp-json\/wp\/v2\/pages\/132\/revisions"}],"predecessor-version":[{"id":164,"href":"https:\/\/www.holistic-bodywork.at\/index.php\/wp-json\/wp\/v2\/pages\/132\/revisions\/164"}],"wp:attachment":[{"href":"https:\/\/www.holistic-bodywork.at\/index.php\/wp-json\/wp\/v2\/media?parent=132"}],"curies":[{"name":"wp","href":"https:\/\/api.w.org\/{rel}","templated":true}]}}