{"id":113,"date":"2017-12-07T10:40:26","date_gmt":"2017-12-07T10:40:26","guid":{"rendered":"https:\/\/www.holistic-bodywork.at\/?page_id=113"},"modified":"2018-01-25T10:19:10","modified_gmt":"2018-01-25T10:19:10","slug":"113-2","status":"publish","type":"page","link":"https:\/\/www.holistic-bodywork.at\/index.php\/113-2\/","title":{"rendered":"Aufbau einer Behandlung"},"content":{"rendered":"<p>Die Sitzung dauert 1,5 bis 2 Stunden und braucht (au\u00dfer in dringenden F\u00e4llen) etwa alle drei Monate eine Auffrischung &#8211; bis Sie sich voll &#8220;pr\u00e4sent&#8221; f\u00fchlen!<br \/>\nIn diesen drei Monaten haben wir, wenn notwendig, telefonisch Kontakt. Sie arbeiten mit dem gemeinsam erstellten &#8220;Gesundheitsfahrplan&#8221;. W\u00e4hrend dieser Zeit k\u00f6nnen emotionelle und k\u00f6rperliche meist &#8220;alte&#8221; Symptome hochkommen. Schauen sie sich diese an und haben Sie mit sich selber Geduld. Es sind zumeist &#8220;gute&#8221; Zeichen im Sinne der Selbstwahrnehmung.<\/p>\n<p><img loading=\"lazy\" decoding=\"async\" class=\"wp-image-29 alignleft\" src=\"https:\/\/www.holistic-bodywork.at\/wp-content\/uploads\/2017\/07\/IMG-20170503-WA0003.jpg\" alt=\"\" width=\"321\" height=\"571\" \/>F\u00fcr die letzte Woche vor unserem ersten Termin, bitte ich Sie &#8211; um uns die gemeinsame Arbeit zu erleichtern &#8211; alles aufzuschreiben, was Sie zu sich nehmen (Nahrung, Medikamente, Kosmetika etc.) bzw. Ihrem K\u00f6rper auftragen (zumuten?).<\/p>\n<p><strong>Bitte beachten Sie :<br \/>\nMeine Arbeit stellt keinen Ersatz f\u00fcr die \u00e4rztliche Diagnose und Behandlung einer Krankheit dar. Meine Betreuung kann daher nur ZUS\u00c4TZLICH, niemals ausschlie\u00dflich!, zu einer \u00e4rztlichen Betreuung in Anspruch genommen werden!<\/strong><\/p>\n<p>Weiter zu&#8230;<br \/>\n<a href=\"https:\/\/www.holistic-bodywork.at\/index.php\/methoden-der-behandlung\/\">Methoden der Behandlung<\/a><br \/>\n<a href=\"https:\/\/www.holistic-bodywork.at\/index.php\/die-4-saulen-der-behandlung\/\">Die 4 S\u00e4ulen der Behandlung<\/a><\/p>\n","protected":false},"excerpt":{"rendered":"<p>Die Sitzung dauert 1,5 bis 2 Stunden und braucht (au\u00dfer in dringenden F\u00e4llen) etwa alle drei Monate eine Auffrischung &#8211; bis Sie sich voll &#8220;pr\u00e4sent&#8221; f\u00fchlen! In diesen drei Monaten haben wir, wenn notwendig, telefonisch Kontakt. Sie arbeiten mit dem gemeinsam erstellten &#8220;Gesundheitsfahrplan&#8221;. W\u00e4hrend dieser Zeit k\u00f6nnen emotionelle und k\u00f6rperliche meist &#8220;alte&#8221; Symptome hochkommen. Schauen &hellip; <\/p>\n<p class=\"link-more\"><a href=\"https:\/\/www.holistic-bodywork.at\/index.php\/113-2\/\" class=\"more-link\">Continue reading<span class=\"screen-reader-text\"> &#8220;Aufbau einer Behandlung&#8221;<\/span><\/a><\/p>\n","protected":false},"author":1,"featured_media":0,"parent":0,"menu_order":0,"comment_status":"closed","ping_status":"closed","template":"","meta":{"footnotes":""},"class_list":["post-113","page","type-page","status-publish","hentry"],"_links":{"self":[{"href":"https:\/\/www.holistic-bodywork.at\/index.php\/wp-json\/wp\/v2\/pages\/113","targetHints":{"allow":["GET"]}}],"collection":[{"href":"https:\/\/www.holistic-bodywork.at\/index.php\/wp-json\/wp\/v2\/pages"}],"about":[{"href":"https:\/\/www.holistic-bodywork.at\/index.php\/wp-json\/wp\/v2\/types\/page"}],"author":[{"embeddable":true,"href":"https:\/\/www.holistic-bodywork.at\/index.php\/wp-json\/wp\/v2\/users\/1"}],"replies":[{"embeddable":true,"href":"https:\/\/www.holistic-bodywork.at\/index.php\/wp-json\/wp\/v2\/comments?post=113"}],"version-history":[{"count":7,"href":"https:\/\/www.holistic-bodywork.at\/index.php\/wp-json\/wp\/v2\/pages\/113\/revisions"}],"predecessor-version":[{"id":219,"href":"https:\/\/www.holistic-bodywork.at\/index.php\/wp-json\/wp\/v2\/pages\/113\/revisions\/219"}],"wp:attachment":[{"href":"https:\/\/www.holistic-bodywork.at\/index.php\/wp-json\/wp\/v2\/media?parent=113"}],"curies":[{"name":"wp","href":"https:\/\/api.w.org\/{rel}","templated":true}]}}