{"id":111,"date":"2017-12-07T10:38:05","date_gmt":"2017-12-07T10:38:05","guid":{"rendered":"https:\/\/www.holistic-bodywork.at\/?page_id=111"},"modified":"2017-12-14T19:48:49","modified_gmt":"2017-12-14T19:48:49","slug":"die-behandlung","status":"publish","type":"page","link":"https:\/\/www.holistic-bodywork.at\/index.php\/die-behandlung\/","title":{"rendered":"Die Behandlung"},"content":{"rendered":"<p>Gesundheit ist ein Zustand von physischem, mentalem und sozialem Wohlergehen und nicht blo\u00df die Abwesenheit von Krankheit und Gebrechlichkeit.<\/p>\n<p><img loading=\"lazy\" decoding=\"async\" class=\"wp-image-79 alignright\" src=\"https:\/\/www.holistic-bodywork.at\/wp-content\/uploads\/2017\/12\/Behanldung_kine-test.jpg\" alt=\"\" width=\"266\" height=\"207\" \/><\/p>\n<p>Ich m\u00f6chte Sie unterst\u00fctzen, bewusst auf Ihr Bild von Kranksein und Gesundsein zu blicken. Sie sollen die Botschaft verstehen, die Symptome Ihnen aufzeigen wollen. So k\u00f6nnen Sie erkennen, was erforderlich ist, damit Symptome sich wieder zur\u00fcckbilden. Krankheit ist als Werdegang eines noch nicht gel\u00f6sten Prozesses zu sehen.<\/p>\n<p>Meine Aufgabe sehe ich darin, Sie dabei zu unterst\u00fctzen und zu begleiten: Sie werden die Erfahrung machen und Ihre F\u00e4higkeit sp\u00fcren, selbst wieder bei sich ein &#8220;Wohlgef\u00fchl&#8221; zu erzeugen, sich selbst wieder zu sp\u00fcren, was Sie &#8220;n\u00e4hrt&#8221; und &#8220;pr\u00e4sent&#8221; macht. Sie werden auch von Dingen Notiz nehmen, die Ihrem K\u00f6rper unangenehm sind. Der Weg zur\u00fcck ist manchmal &#8220;holprig&#8221; und braucht Geduld und Disziplin. Ich freue mich, Sie ein St\u00fcck Ihres Weges begleiten zu d\u00fcrfen. Am Beginn steht das Kontaktgespr\u00e4ch des Kennenlernens und der Vertrauensbildung.<\/p>\n<p><img loading=\"lazy\" decoding=\"async\" class=\"alignnone wp-image-34 size-full\" src=\"https:\/\/www.holistic-bodywork.at\/wp-content\/uploads\/2017\/07\/IMG-20170508-WA0000.jpg\" alt=\"\" width=\"1200\" height=\"1600\" \/><\/p>\n<p>Weiter zu&#8230;<br \/>\n<a href=\"https:\/\/www.holistic-bodywork.at\/index.php\/methoden-der-behandlung\/\">Methoden der Behandlung<\/a><br \/>\n<a href=\"https:\/\/www.holistic-bodywork.at\/index.php\/113-2\/\">Aufbau der Behandlung<\/a><br \/>\n<a href=\"https:\/\/www.holistic-bodywork.at\/index.php\/die-4-saulen-der-behandlung\/\">4 S\u00e4ulen der Behandlung<\/a><\/p>\n","protected":false},"excerpt":{"rendered":"<p>Gesundheit ist ein Zustand von physischem, mentalem und sozialem Wohlergehen und nicht blo\u00df die Abwesenheit von Krankheit und Gebrechlichkeit. Ich m\u00f6chte Sie unterst\u00fctzen, bewusst auf Ihr Bild von Kranksein und Gesundsein zu blicken. Sie sollen die Botschaft verstehen, die Symptome Ihnen aufzeigen wollen. So k\u00f6nnen Sie erkennen, was erforderlich ist, damit Symptome sich wieder zur\u00fcckbilden. &hellip; <\/p>\n<p class=\"link-more\"><a href=\"https:\/\/www.holistic-bodywork.at\/index.php\/die-behandlung\/\" class=\"more-link\">Continue reading<span class=\"screen-reader-text\"> &#8220;Die Behandlung&#8221;<\/span><\/a><\/p>\n","protected":false},"author":1,"featured_media":0,"parent":0,"menu_order":0,"comment_status":"closed","ping_status":"closed","template":"","meta":{"footnotes":""},"class_list":["post-111","page","type-page","status-publish","hentry"],"_links":{"self":[{"href":"https:\/\/www.holistic-bodywork.at\/index.php\/wp-json\/wp\/v2\/pages\/111","targetHints":{"allow":["GET"]}}],"collection":[{"href":"https:\/\/www.holistic-bodywork.at\/index.php\/wp-json\/wp\/v2\/pages"}],"about":[{"href":"https:\/\/www.holistic-bodywork.at\/index.php\/wp-json\/wp\/v2\/types\/page"}],"author":[{"embeddable":true,"href":"https:\/\/www.holistic-bodywork.at\/index.php\/wp-json\/wp\/v2\/users\/1"}],"replies":[{"embeddable":true,"href":"https:\/\/www.holistic-bodywork.at\/index.php\/wp-json\/wp\/v2\/comments?post=111"}],"version-history":[{"count":5,"href":"https:\/\/www.holistic-bodywork.at\/index.php\/wp-json\/wp\/v2\/pages\/111\/revisions"}],"predecessor-version":[{"id":171,"href":"https:\/\/www.holistic-bodywork.at\/index.php\/wp-json\/wp\/v2\/pages\/111\/revisions\/171"}],"wp:attachment":[{"href":"https:\/\/www.holistic-bodywork.at\/index.php\/wp-json\/wp\/v2\/media?parent=111"}],"curies":[{"name":"wp","href":"https:\/\/api.w.org\/{rel}","templated":true}]}}